{"id":117,"date":"2019-04-23T08:18:20","date_gmt":"2019-04-23T08:18:20","guid":{"rendered":"https:\/\/themepalacedemo.com\/myself-pro\/?page_id=117"},"modified":"2019-12-20T09:58:25","modified_gmt":"2019-12-20T08:58:25","slug":"home","status":"publish","type":"page","link":"https:\/\/camp4.rocks\/en\/","title":{"rendered":"CAMP4 Hypoxic Training"},"content":{"rendered":"<h2 class=\"wp-block-heading\">Why Hypoxia?<\/h2>\n\n\n\n<p>Hypoxia is the <strong>Mangelversorgung des K\u00f6rpers mit Sauerstoff<\/strong>, as happens in high mountains. Due to the <strong>reduced air pressure at high altitudes<\/strong>, the Body has relatively less oxygen available in the same amount of inhaled air. In order to compensate the reduced oxygen supply, our body sets various processes in motion. It begins to produce more red blood cells in the course of so-called <strong>acclimatization<\/strong> for example, and <strong>mehr rote Blutk\u00f6rperchen zu produzieren <\/strong>and <strong>verst\u00e4rkt die Atem- und Kreislauft\u00e4tigkeit<\/strong>. Dadurch wird der Sauerstofftransport und -aufnahme im Blut gef\u00f6rdert, der Stoffwechsel angeregt und mehr Energie freigesetzt.\u00a0\u00a0<\/p>\n\n\n\n<p>These acclimatisation processes begin after only a few days in hypoxia and intensify the longer and more intensely the body is exposed to hypoxia. When the body returns to a normal level with the usual oxygen saturation, the processes are not stopped abruptly, but remain active for a few days (up to five weeks depending on the individual) before they slowly fade away because they are no longer needed.&nbsp;<\/p>\n\n\n\n<p class=\" translation-block\">The processes described have a number of <strong>positive effects<\/strong>, such as <strong>increased performance, improved energy metabolism<\/strong>, and much more. That is why hypoxia is used as training in various areas of life and many success stories have been written with it in the past. More about this in the individual application areas:<\/p>\n\n\n\n<ul class=\"wp-block-list\"><li><a href=\"https:\/\/camp4.rocks\/en\/leistungen\/bergsteigen-vorakklimatisation\/\">Mountaineering - Pre-acclimatization<\/a><\/li><li><a href=\"https:\/\/camp4.rocks\/en\/leistungen\/hoehentraining\/\">Endurance \/ competitive and leisure sport<\/a><\/li><li><a href=\"https:\/\/camp4.rocks\/en\/leistungen\/gesundheit\/\">Health \/ Slimming<\/a><\/li><\/ul>\n\n\n\n<p>Um die vielen Vorteile m\u00f6glichst effizient zu nutzen, kann die Hypoxie mithilfe eines <strong>Generators <\/strong>auch <strong>zuhause <\/strong>erzeugt werden. Mittels eines Filters wird der angesaugten Umgebungsluft Sauerstoff entzogen und diese anschlie\u00dfend in ein Zelt geblasen. Durch die Regulierung der Filterleistung kann der Sauerstoffgehalt gezielt gesteuert werden und somit verschiedenste H\u00f6hen bis <strong>\u00fcber 7.000 H\u00f6henmeter<\/strong>, <strong>simuliert<\/strong> werden.\u00a0\u00a0<\/p>\n\n\n\n<p>Je nach Zielsetzung <strong>schlafen <\/strong>Sie \u00fcber eine bestimmte Anzahl von Wochen im <strong>H\u00f6henzelt<\/strong>, das ganz einfach und bequem <strong>\u00fcber Ihrem Bett<\/strong> aufgebaut wird. Die Schlafh\u00f6he wird nach einem ausgeh\u00e4ndigten Plan, der sich aus unseren langj\u00e4hrigen Erfahrungswerten ableitet, progressiv gesteigert. F\u00fcr ein optimales Ergebnis werden Sauerstoffgehalt im Zelt, Puls, Sauerstoffs\u00e4ttigung und Atemfrequenz st\u00e4ndig gemessen. So wird ein h\u00f6chst effizientes und individuell zugeschnittenes H\u00f6hentraining erzielt. Und das alles bequem von Zuhause aus w\u00e4hrend Sie schlafen. Sie haben keinen Mehraufwand und werden erstaunliche Ergebnisse erzielen. <strong>Hypoxietraining leicht gemacht<\/strong>.&nbsp;<\/p>","protected":false},"excerpt":{"rendered":"<p>Warum Hypoxie? Unter Hypoxie versteht man die Mangelversorgung des K\u00f6rpers mit Sauerstoff, wie es auch an hohen Bergen geschieht. Durch den verminderten Luftdruck in gro\u00dfen H\u00f6hen steht dem K\u00f6rper in derselben Menge eingeatmeter Luft verh\u00e4ltnism\u00e4\u00dfig weniger Sauerstoff zur Verf\u00fcgung. Um die verminderte Sauerstoffversorgung ausgleichen zu k\u00f6nnen, setzt unser K\u00f6rper verschiedene Prozesse in Gang. Er beginnt im Rahmen der sogenannten Akklimatisation etwa, mehr rote Blutk\u00f6rperchen zu produzieren und verst\u00e4rkt die Atem- und Kreislauft\u00e4tigkeit. Dadurch wird der Sauerstofftransport und -aufnahme im Blut gef\u00f6rdert, der Stoffwechsel angeregt und mehr Energie freigesetzt.\u00a0\u00a0 Diese Akklimatisationsprozesse setzen bereits nach wenigen Tagen in der Hypoxie ein und&hellip; <span><a href=\"https:\/\/camp4.rocks\/en\/\">( Read More )<\/a><\/span><\/p>","protected":false},"author":1,"featured_media":354,"parent":0,"menu_order":0,"comment_status":"closed","ping_status":"closed","template":"","meta":{"footnotes":""},"class_list":["post-117","page","type-page","status-publish","has-post-thumbnail","hentry"],"_links":{"self":[{"href":"https:\/\/camp4.rocks\/en\/wp-json\/wp\/v2\/pages\/117"}],"collection":[{"href":"https:\/\/camp4.rocks\/en\/wp-json\/wp\/v2\/pages"}],"about":[{"href":"https:\/\/camp4.rocks\/en\/wp-json\/wp\/v2\/types\/page"}],"author":[{"embeddable":true,"href":"https:\/\/camp4.rocks\/en\/wp-json\/wp\/v2\/users\/1"}],"replies":[{"embeddable":true,"href":"https:\/\/camp4.rocks\/en\/wp-json\/wp\/v2\/comments?post=117"}],"version-history":[{"count":8,"href":"https:\/\/camp4.rocks\/en\/wp-json\/wp\/v2\/pages\/117\/revisions"}],"predecessor-version":[{"id":928,"href":"https:\/\/camp4.rocks\/en\/wp-json\/wp\/v2\/pages\/117\/revisions\/928"}],"wp:featuredmedia":[{"embeddable":true,"href":"https:\/\/camp4.rocks\/en\/wp-json\/wp\/v2\/media\/354"}],"wp:attachment":[{"href":"https:\/\/camp4.rocks\/en\/wp-json\/wp\/v2\/media?parent=117"}],"curies":[{"name":"wp","href":"https:\/\/api.w.org\/{rel}","templated":true}]}}