{"id":195,"date":"2019-04-24T06:37:18","date_gmt":"2019-04-24T06:37:18","guid":{"rendered":"https:\/\/themepalacedemo.com\/myself-pro\/?page_id=195"},"modified":"2019-12-20T11:03:53","modified_gmt":"2019-12-20T10:03:53","slug":"about","status":"publish","type":"page","link":"https:\/\/camp4.rocks\/en\/about\/","title":{"rendered":"About us"},"content":{"rendered":"<h2 class=\"wp-block-heading\">CAMP4<\/h2>\n\n\n\n<blockquote class=\"wp-block-quote is-layout-flow wp-block-quote-is-layout-flow\"><p>Camp 4 is an innovative provider of rental hypoxic systems for pre-acclimatization on high-altitude expeditions, to increase athletic performance and to improve general health. We are characterized by several years of experience and great customer satisfaction.<\/p><\/blockquote>\n\n\n\n<p>Camp 4 is a brand of Furtenbach Adventures - a tour operator dedicated to climb the highest peaks in our world. And we are proud to be known for our high success rates and safety standards. To ensure this quality in future, we permanently invest in the newest technical, medical and scientific development and strive for a revolution in high altitude mountaineering all over again. Consequently, we have developed Camp 4.\nThrough the innovative use of hypoxic preparation even before the actual expedition, the highest peaks can be reached more safely and with higher chances of success. But hypoxia isn't only for high altitude mountaineering. Science has already confirmed a successfull use of hypoxia in many fields of application. That's a good reason for us to provide the hypoxic system with all its benefits through our brand Camp 4 for users in the areas of endurance sports and health as well.<\/p>\n\n\n\n<h3 class=\"wp-block-heading\">About Furtenbach Adventures<\/h3>\n\n\n\n<blockquote class=\"wp-block-quote is-layout-flow wp-block-quote-is-layout-flow\"><p>Furtenbach Adventures is the most innovative organizer of expeditions, exclusive adventure trips and individualized heliski trips.<\/p><p>For the highest demands, with the latest safety standards and the greatest possible chances of success. To enable experiences that change life for good.<\/p><\/blockquote>\n\n\n\n<h4 class=\"wp-block-heading\"> Exclusive adventure travel for highest demands <\/h4>\n\n\n\n<p>As <strong>alpine school and Austrian expedition organizer<\/strong>  with a comprehensive 8000er-program, we are proud about our alpine know-how and our home, the Alps, where the roots of climbing and skiing lie and alpine legends were born: Hermann Buhl, Heini Holzer and much more.<\/p>\n\n\n\n<p>Furtenbach Adventures sees itself as a pioneer of a new category, the Next Step Adventure Travel. This means, that our <a href=\"http:\/\/furtenbachadventures.com\/en\" target=\"_blank\" rel=\"noreferrer noopener\" aria-label=\" (\u00f6ffnet in neuem Tab)\">individualized adventure trips<\/a>are tailored to the needs of each customer.<\/p>\n\n\n\n<p>Always on the lookout for new, yet unknown destinations, we offer exclusive access to unique experiences.<\/p>\n\n\n\n<h4 class=\"wp-block-heading\">For even higher chances of success + more intense experiences<\/h4>\n\n\n\n<p>Furtenbach Adventures knows that the world does not belong to us, but we are only allowed to be guests. On the mountains, in the countries and with other people. That's why <strong>Fair Tourism<\/strong> is so important to us.<\/p>\n\n\n\n<p>Sustainability and fair cooperation with our partners and local teams means for us the best remuneration, insurance and equipment for the local teams, respectful treatment of culture and population, environmentally friendly behaviour, absolutely no rubbish left behind on the mountain and exclusively employing locally managed partner companies. So that as much money as possible remains in the host country.<\/p>\n\n\n\n<p>All this makes a Furtenbach Adventure a very special adventure.<\/p>","protected":false},"excerpt":{"rendered":"<p>CAMP4 Camp 4 ist ein innovativer Anbieter, der Hypoxiezelte zur Vorakklimatisation auf H\u00f6henexpeditionen, zur Steigerung der sportlichen Leistungsf\u00e4higkeit und zur Verbesserung der allgemeinen Gesundheit vermietet. Langj\u00e4hrige Erfahrung und gro\u00dfe Kundenzufriedenheit zeichnen uns aus. CAMP4 ist eine Marke von Furtenbach Adventures \u2013 einem Reiseveranstalter, der sich der Besteigung der h\u00f6chsten Berge dieser Welt verschrieben hat. Und wir sind stolz darauf, f\u00fcr unsere sehr hohen Erfolgsquoten und Sicherheitsstandards bekannt zu sein. Um diese Qualit\u00e4t auch in Zukunft zu garantieren, investieren wir in die neuesten technischen, medizinischen und wissenschaftlichen Entwicklungen und sind bestrebt das H\u00f6henbergsteigen stets aufs Neue zu revolutionieren. Aus diesem Streben&hellip; <span><a href=\"https:\/\/camp4.rocks\/en\/about\/\">( Read More )<\/a><\/span><\/p>","protected":false},"author":1,"featured_media":692,"parent":0,"menu_order":0,"comment_status":"closed","ping_status":"closed","template":"","meta":{"footnotes":""},"class_list":["post-195","page","type-page","status-publish","has-post-thumbnail","hentry"],"_links":{"self":[{"href":"https:\/\/camp4.rocks\/en\/wp-json\/wp\/v2\/pages\/195"}],"collection":[{"href":"https:\/\/camp4.rocks\/en\/wp-json\/wp\/v2\/pages"}],"about":[{"href":"https:\/\/camp4.rocks\/en\/wp-json\/wp\/v2\/types\/page"}],"author":[{"embeddable":true,"href":"https:\/\/camp4.rocks\/en\/wp-json\/wp\/v2\/users\/1"}],"replies":[{"embeddable":true,"href":"https:\/\/camp4.rocks\/en\/wp-json\/wp\/v2\/comments?post=195"}],"version-history":[{"count":34,"href":"https:\/\/camp4.rocks\/en\/wp-json\/wp\/v2\/pages\/195\/revisions"}],"predecessor-version":[{"id":966,"href":"https:\/\/camp4.rocks\/en\/wp-json\/wp\/v2\/pages\/195\/revisions\/966"}],"wp:featuredmedia":[{"embeddable":true,"href":"https:\/\/camp4.rocks\/en\/wp-json\/wp\/v2\/media\/692"}],"wp:attachment":[{"href":"https:\/\/camp4.rocks\/en\/wp-json\/wp\/v2\/media?parent=195"}],"curies":[{"name":"wp","href":"https:\/\/api.w.org\/{rel}","templated":true}]}}