{"id":256,"date":"2019-04-25T08:31:58","date_gmt":"2019-04-25T08:31:58","guid":{"rendered":"https:\/\/themepalacedemo.com\/myself\/?page_id=256"},"modified":"2019-12-18T12:30:40","modified_gmt":"2019-12-18T11:30:40","slug":"leistungen","status":"publish","type":"page","link":"https:\/\/camp4.rocks\/en\/leistungen\/","title":{"rendered":"Fields of Application"},"content":{"rendered":"<div class=\"wp-block-columns has-3-columns is-layout-flex wp-container-core-columns-is-layout-1 wp-block-columns-is-layout-flex\">\n<div class=\"wp-block-column is-layout-flow wp-block-column-is-layout-flow\">\n<figure class=\"wp-block-image\"><img loading=\"lazy\" decoding=\"async\" width=\"1024\" height=\"680\" src=\"http:\/\/camp4.rocks\/wp-content\/uploads\/2019\/12\/S17_cerro-torre-1_Easy-Resize.com_-1-1024x680.jpg\" alt=\"\" class=\"wp-image-797\" srcset=\"\" sizes=\"(max-width: 1024px) 100vw, 1024px\" data-srcset=\"\" \/><\/figure>\n\n\n\n<h2 class=\"wp-block-heading\"><a href=\"http:\/\/camp4.rocks\/en\/bergsteigen-vorakklimatisation\/\">Mountaineering - Pre-acclimatization<\/a><\/h2>\n\n\n\n<p>Enjoy this easy and effective preparation for your challenging mountain tour \/ expedition at home. This saves you valuable time and maximizes the summit chances, while minimizing the risk on the mountain.<\/p>\n<\/div>\n\n\n\n<div class=\"wp-block-column is-layout-flow wp-block-column-is-layout-flow\">\n<figure class=\"wp-block-image alignwide\"><img decoding=\"async\" src=\"http:\/\/camp4.rocks\/wp-content\/uploads\/2019\/06\/photo-1461896836934-ffe607ba8211.jpg\" alt=\"Ausdauer \u2013 H\u00f6hentraining\"\/><\/figure>\n\n\n\n<h2 class=\"wp-block-heading\"><a href=\"http:\/\/camp4.rocks\/en\/hoehentraining\/\">Endurance - Altitude Training<\/a><\/h2>\n\n\n\n<p><\/p>\n\n\n\n<p>\n\nProfessional athletes show how it's done. Endurance training at high altitude to stimulate erythrocyte formation. This improves oxygen transport in the blood under physical strain, which results in an increased performance.<\/p>\n<\/div>\n\n\n\n<div class=\"wp-block-column is-layout-flow wp-block-column-is-layout-flow\">\n<figure class=\"wp-block-image\"><img loading=\"lazy\" decoding=\"async\" width=\"1024\" height=\"683\" src=\"http:\/\/camp4.rocks\/wp-content\/uploads\/2019\/11\/joy-2483926_1920-1024x683.jpg\" alt=\"Gl\u00fcck mit Hypoxie\" class=\"wp-image-654\" srcset=\"\" sizes=\"(max-width: 1024px) 100vw, 1024px\" data-srcset=\"\" \/><\/figure>\n\n\n\n<h2 class=\"wp-block-heading\"><a href=\"https:\/\/camp4.rocks\/en\/leistungen\/gesundheit\/\">Health - \nSlimming<\/a><\/h2>\n\n\n\n<p> The latest scientific statistics confirm: High altitude training stimulates fat burning, reduces the feeling of hunger, counteracts burn-outs and metabolic diseases and makes you happy. :)<\/p>\n<\/div>\n<\/div>","protected":false},"excerpt":{"rendered":"<p>Bergsteigen \u2013 Vorakklimatisation Mit unserem Hypoxiesystem bereiten Sie sich hervorragend und in kurzer Zeit f\u00fcr anspruchsvolle Bergtouren\/Expeditionen in gro\u00dfe H\u00f6hen vor. Dadurch sparen Sie sich am Berg wertvolle Zeit und minimieren gleichzeitig das Risiko. Ausdauer \u2013H\u00f6hentraining Profisportler machen es vor. Ausdauertraining in gro\u00dfer H\u00f6he zur Anregung der Erythrozytenbildung. Dies verbessert den Sauerstofftransport im Blut unter k\u00f6rperlicher Belastung, was f\u00fcr Sie in einer gesteigerten Leistungsf\u00e4higkeit sp\u00fcrbar ist. Gesundheit &#8211; Abnehmen Die neuesten wissenschaftlichen Statistiken bet\u00e4tigen: H\u00f6hentraining f\u00f6rdert die Fettstoffverbrennung, mindert das Hungergef\u00fchl, wirkt Burn-Outs und Stoffwechselerkrankungen entgegen und macht gl\u00fccklich.<\/p>","protected":false},"author":1,"featured_media":911,"parent":0,"menu_order":0,"comment_status":"closed","ping_status":"closed","template":"","meta":{"footnotes":""},"class_list":["post-256","page","type-page","status-publish","has-post-thumbnail","hentry"],"_links":{"self":[{"href":"https:\/\/camp4.rocks\/en\/wp-json\/wp\/v2\/pages\/256"}],"collection":[{"href":"https:\/\/camp4.rocks\/en\/wp-json\/wp\/v2\/pages"}],"about":[{"href":"https:\/\/camp4.rocks\/en\/wp-json\/wp\/v2\/types\/page"}],"author":[{"embeddable":true,"href":"https:\/\/camp4.rocks\/en\/wp-json\/wp\/v2\/users\/1"}],"replies":[{"embeddable":true,"href":"https:\/\/camp4.rocks\/en\/wp-json\/wp\/v2\/comments?post=256"}],"version-history":[{"count":29,"href":"https:\/\/camp4.rocks\/en\/wp-json\/wp\/v2\/pages\/256\/revisions"}],"predecessor-version":[{"id":910,"href":"https:\/\/camp4.rocks\/en\/wp-json\/wp\/v2\/pages\/256\/revisions\/910"}],"wp:featuredmedia":[{"embeddable":true,"href":"https:\/\/camp4.rocks\/en\/wp-json\/wp\/v2\/media\/911"}],"wp:attachment":[{"href":"https:\/\/camp4.rocks\/en\/wp-json\/wp\/v2\/media?parent=256"}],"curies":[{"name":"wp","href":"https:\/\/api.w.org\/{rel}","templated":true}]}}