{"id":270,"date":"2019-04-25T09:40:41","date_gmt":"2019-04-25T09:40:41","guid":{"rendered":"https:\/\/themepalacedemo.com\/myself\/?page_id=270"},"modified":"2019-12-20T21:44:40","modified_gmt":"2019-12-20T20:44:40","slug":"gesundheit","status":"publish","type":"page","link":"https:\/\/camp4.rocks\/en\/leistungen\/gesundheit\/","title":{"rendered":"Lifestyle - Health"},"content":{"rendered":"<p>Improved health, stress reduction, help with burn-out, diabetes and obesity. Well-being made easy.<\/p>\n<p>It is no coincidence that long-term residents in regions over 3050m suffer less frequently from widespread chronic diseases. Doctors and epidemiologists agree on the positive effects, high altitude air has on your body: it keeps you young, minimizes the chance of getting ill, weakens the feeling of hunger and improves your overall feeling of happiness. :)&nbsp;<\/p>\n\n\n<h2 class=\"wp-block-heading\">A healthy and slim body thanks to Altitude Training<\/h2>\n\n\n\n<p>Hypoxic training makes losing weight easy. The simulated altitude stimulates the metabolism, calorie consumption and reduces the feeling of hunger in the body by increasing the release of saturation hormones. You will reach your ideal weight in just a few weeks. Simple, without sacrifices and while sleeping!<\/p>\n\n\n\n<h3 class=\"wp-block-heading\">Positive impacts of hypoxia on your health<\/h3>\n\n\n\n<ul class=\"wp-block-list\"><li>reduced feeling of hunger<\/li><li>increased calorie consumption<\/li><li>easy and fast success<\/li><li>without sacrifice<\/li><li>strengthening of resilience of body and soul<\/li><li>support for the treatment of diseases<\/li><\/ul>\n\n\n\n<p><\/p>\n\n\n\n<p><\/p>\n\n\n\n<ul class=\"wp-block-gallery columns-3 is-cropped wp-block-gallery-1 is-layout-flex wp-block-gallery-is-layout-flex\"><li class=\"blocks-gallery-item\"><figure><img loading=\"lazy\" decoding=\"async\" width=\"1024\" height=\"768\" src=\"http:\/\/camp4.rocks\/wp-content\/uploads\/2019\/11\/fruit-2367029_1920-1024x768.jpg\" alt=\"\" data-id=\"653\" data-link=\"http:\/\/camp4.rocks\/abnehmen\/fruit-2367029_1920\/\" class=\"wp-image-653\" srcset=\"\" sizes=\"(max-width: 1024px) 100vw, 1024px\" data-srcset=\"\" \/><\/figure><\/li><li class=\"blocks-gallery-item\"><figure><img loading=\"lazy\" decoding=\"async\" width=\"1024\" height=\"768\" src=\"http:\/\/camp4.rocks\/wp-content\/uploads\/2019\/11\/stethoscope-1584223_1920-1024x768.jpg\" alt=\"\" data-id=\"655\" data-link=\"http:\/\/camp4.rocks\/abnehmen\/stethoscope-1584223_1920\/\" class=\"wp-image-655\" srcset=\"\" sizes=\"(max-width: 1024px) 100vw, 1024px\" data-srcset=\"\" \/><\/figure><\/li><li class=\"blocks-gallery-item\"><figure><img loading=\"lazy\" decoding=\"async\" width=\"1024\" height=\"684\" src=\"http:\/\/camp4.rocks\/wp-content\/uploads\/2019\/12\/belly-3186730_1920-1-1024x684.jpg\" alt=\"\" data-id=\"908\" data-link=\"http:\/\/camp4.rocks\/leistungen\/gesundheit\/belly-3186730_1920-1\/\" class=\"wp-image-908\" srcset=\"https:\/\/camp4.rocks\/wp-content\/uploads\/2019\/12\/belly-3186730_1920-1-1024x684.jpg 1024w, https:\/\/camp4.rocks\/wp-content\/uploads\/2019\/12\/belly-3186730_1920-1-300x200.jpg 300w, https:\/\/camp4.rocks\/wp-content\/uploads\/2019\/12\/belly-3186730_1920-1-768x513.jpg 768w, https:\/\/camp4.rocks\/wp-content\/uploads\/2019\/12\/belly-3186730_1920-1.jpg 1920w\" sizes=\"(max-width: 1024px) 100vw, 1024px\" \/><\/figure><\/li><\/ul>\n\n\n\n<h2 class=\"wp-block-heading\">Counteract burn-out and metabolic diseases with altitude training<\/h2>\n\n\n\n<p>Positive experiences with altitude training have also been made with classic stress diseases, such as burn-out. This involves a kind of interval training, consisting of alternating phases with reduced oxygen and phases under normal conditions. The body learns to cope with the artificially induced stress of having less oxygen to cope with. This leads to improved resilience of body and mind in everyday life and thus helps in the therapy of diseases such as burn-out.<\/p>\n\n\n\n<p><\/p>","protected":false},"excerpt":{"rendered":"<p>Verbesserte Gesundheit, Stressabbau, Hilfe bei Burn-Out, Diabetes und \u00dcbergewicht. Wohlf\u00fchlen leicht gemacht. Es ist kein Zufall, dass Langzeit-Bewohner in Regionen \u00fcber 3050m weniger h\u00e4ufig an weitverbreiteten chronischen Krankheiten leiden. \u00c4rzte und Epidemiologen sind sich einig: Die H\u00f6henluft wirkt sich positiv auf den K\u00f6rper aus: sie h\u00e4lt jung, minimiert Krankheiten, schw\u00e4cht das Hungergef\u00fchl ab und macht gl\u00fccklich.&nbsp; Mit dem H\u00f6hentraining zur Traumfigur Mit dem Hypoxietraining wird abnehmen leicht gemacht. Die simulierte H\u00f6he regt den Stoffwechsel an, stimuliert den Kalorienverbrauch und reduziert das Hungergef\u00fchl im K\u00f6rper, indem vermehrt S\u00e4ttigungshormone ausgesch\u00fcttet werden. So erreichen Sie in nur wenigen Wochen Ihr Idealgewicht. Einfach, ohne&hellip; <span><a href=\"https:\/\/camp4.rocks\/en\/leistungen\/gesundheit\/\">( Read More )<\/a><\/span><\/p>","protected":false},"author":1,"featured_media":654,"parent":256,"menu_order":0,"comment_status":"closed","ping_status":"closed","template":"","meta":{"footnotes":""},"class_list":["post-270","page","type-page","status-publish","has-post-thumbnail","hentry"],"_links":{"self":[{"href":"https:\/\/camp4.rocks\/en\/wp-json\/wp\/v2\/pages\/270"}],"collection":[{"href":"https:\/\/camp4.rocks\/en\/wp-json\/wp\/v2\/pages"}],"about":[{"href":"https:\/\/camp4.rocks\/en\/wp-json\/wp\/v2\/types\/page"}],"author":[{"embeddable":true,"href":"https:\/\/camp4.rocks\/en\/wp-json\/wp\/v2\/users\/1"}],"replies":[{"embeddable":true,"href":"https:\/\/camp4.rocks\/en\/wp-json\/wp\/v2\/comments?post=270"}],"version-history":[{"count":8,"href":"https:\/\/camp4.rocks\/en\/wp-json\/wp\/v2\/pages\/270\/revisions"}],"predecessor-version":[{"id":944,"href":"https:\/\/camp4.rocks\/en\/wp-json\/wp\/v2\/pages\/270\/revisions\/944"}],"up":[{"embeddable":true,"href":"https:\/\/camp4.rocks\/en\/wp-json\/wp\/v2\/pages\/256"}],"wp:featuredmedia":[{"embeddable":true,"href":"https:\/\/camp4.rocks\/en\/wp-json\/wp\/v2\/media\/654"}],"wp:attachment":[{"href":"https:\/\/camp4.rocks\/en\/wp-json\/wp\/v2\/media?parent=270"}],"curies":[{"name":"wp","href":"https:\/\/api.w.org\/{rel}","templated":true}]}}