{"id":276,"date":"2019-04-25T09:42:41","date_gmt":"2019-04-25T09:42:41","guid":{"rendered":"https:\/\/themepalacedemo.com\/myself\/?page_id=276"},"modified":"2019-12-20T21:43:56","modified_gmt":"2019-12-20T20:43:56","slug":"bergsteigen-vorakklimatisation","status":"publish","type":"page","link":"https:\/\/camp4.rocks\/en\/leistungen\/bergsteigen-vorakklimatisation\/","title":{"rendered":"Expeditions - Acclimatizing"},"content":{"rendered":"<p class=\" translation-block\">Experience altitude acclimatization in a new way! Get used to the <strong>low-oxygen mountain air<\/strong> - comfortably <strong>from home<\/strong> and with the <strong>long-standing know-how<\/strong> of our experts. For a shortened expedition duration, more efficiency as well as higher chances of success on the mountain.<\/p>\n<p class=\" translation-block\">Our Hypoxic systems can simulate altitudes of <strong>up to 7,000m<\/strong>. In this way, you will be <strong>pre-acclimatized<\/strong> to your upcoming expedition in a highly efficient and individual way and can reach your summit in the shortest possible time.<\/p>\n\n\n<h2 class=\"wp-block-heading\">Our Experience with Altitude Training<\/h2>\n\n\n\n<p>We've got almost 20 years of experience with these special hypoxic systems. We started using hypoxic systems in 2002 and started <strong>Everest expeditions with hypoxic pre-acclimatization<\/strong>in 2016. In 2018, we were the first Everest operator to reach the summit in <strong>less than three weeks<\/strong> from home with all members, pre-acclimatized with hypoxic systems. Every member acclimatized for 8 weeks in the hypoxic tent at home and stood on top of the world only 21 days after departure. Thus the duration of an Everest expedition could be shortened by more than half from 8 to only 3 weeks! A <strong>revolution<\/strong> in the history of mountaineering! That's when the so-called \"<a rel=\"noreferrer noopener\" aria-label=\" (\u00f6ffnet in neuem Tab)\" href=\"https:\/\/www.furtenbachadventures.com\/en\/trips\/everest-flash\/\" target=\"_blank\">Everest Flash Expedition<\/a>\" began being a staple in our annual program.  And meanwhile we have applied the successfull formula of pre-acclimatization to further expeditions: <a aria-label=\"Aconcagua Flash (\u00f6ffnet in neuem Tab)\" rel=\"noreferrer noopener\" href=\"https:\/\/www.furtenbachadventures.com\/en\/trips\/aconcagua-flash\/\" target=\"_blank\">Aconcagua Flash<\/a>, <a aria-label=\"Ama Dablam Flash (\u00f6ffnet in neuem Tab)\" rel=\"noreferrer noopener\" href=\"https:\/\/www.furtenbachadventures.com\/en\/trips\/ama-dablam-flash\/\" target=\"_blank\">Ama Dablam Flash<\/a>, <a aria-label=\"Broad Peak Flash (\u00f6ffnet in neuem Tab)\" rel=\"noreferrer noopener\" href=\"https:\/\/www.furtenbachadventures.com\/en\/trips\/broad-peak-flash\/\" target=\"_blank\">Broad Peak Flash<\/a>, <a aria-label=\"Cho Oyu Flash (\u00f6ffnet in neuem Tab)\" rel=\"noreferrer noopener\" href=\"https:\/\/www.furtenbachadventures.com\/en\/trips\/cho-oyu-flash\/\" target=\"_blank\">Cho Oyu Flash<\/a>, <a aria-label=\"Manaslu Flash (\u00f6ffnet in neuem Tab)\" rel=\"noreferrer noopener\" href=\"https:\/\/www.furtenbachadventures.com\/en\/trips\/manaslu-flash\/\" target=\"_blank\">Manaslu Flash<\/a>. And new achievments are coming in regularly: 2019 one of our Flash clients summited K2 without oxygen in a 21 days round trip from New York. And another member summited Broad Peak in 14 days without oxygen thanks to pre-acclimatization. <\/p>\n\n\n\n<ul class=\"wp-block-gallery aligncenter columns-3 is-cropped wp-block-gallery-1 is-layout-flex wp-block-gallery-is-layout-flex\"><li class=\"blocks-gallery-item\"><figure><img loading=\"lazy\" decoding=\"async\" width=\"1024\" height=\"683\" src=\"http:\/\/camp4.rocks\/wp-content\/uploads\/2019\/11\/S40_DSCF0267-1024x683.jpg\" alt=\"\" data-id=\"716\" data-link=\"http:\/\/camp4.rocks\/leistungen\/bergsteigen-vorakklimatisation\/s40_dscf0267\/\" class=\"wp-image-716\" srcset=\"\" sizes=\"(max-width: 1024px) 100vw, 1024px\" data-srcset=\"\" \/><\/figure><\/li><li class=\"blocks-gallery-item\"><figure><img loading=\"lazy\" decoding=\"async\" width=\"1024\" height=\"683\" src=\"http:\/\/camp4.rocks\/wp-content\/uploads\/2019\/11\/Berg_DSCF0268_Easy-Resize.com_-1024x683.jpg\" alt=\"\" data-id=\"718\" data-link=\"http:\/\/camp4.rocks\/leistungen\/bergsteigen-vorakklimatisation\/berg_dscf0268_easy-resize-com_\/\" class=\"wp-image-718\" srcset=\"\" sizes=\"(max-width: 1024px) 100vw, 1024px\" data-srcset=\"\" \/><\/figure><\/li><li class=\"blocks-gallery-item\"><figure><img loading=\"lazy\" decoding=\"async\" width=\"1024\" height=\"680\" src=\"http:\/\/camp4.rocks\/wp-content\/uploads\/2019\/12\/S17_cerro-torre-1_Easy-Resize.com_-1-1024x680.jpg\" alt=\"\" data-id=\"797\" data-link=\"http:\/\/camp4.rocks\/leistungen\/bergsteigen-vorakklimatisation\/s17_cerro-torre-1_easy-resize-com_-1\/\" class=\"wp-image-797\" srcset=\"\" sizes=\"(max-width: 1024px) 100vw, 1024px\" data-srcset=\"\" \/><\/figure><\/li><\/ul>\n\n\n\n<h2 class=\"wp-block-heading\">More Safety &amp; Shorter Expedition Duration<\/h2>\n\n\n\n<p class=\"has-regular-font-size translation-block\">The main reason for unsuccessful ascents of 8000ers is the <strong>long acclimatization period on the mountain<\/strong>. The <strong>multiple and partly dangerous and tiring ascents and descents<\/strong> and the <strong>danger of infections in the base camp<\/strong>, where many people are in a confined space, rob many climbers their strength before the actual ascent has even begun. So why acclimatise in base camp when it is also possible at home? While at the same time <strong>significantly increasing the success of the expedition<\/strong> and using the possibility of shortening the duration of the expedition (almost) by half?<\/p>\n\n\n\n<p>At<a aria-label=\" Furtenbach Adventures (\u00f6ffnet in neuem Tab)\" href=\"https:\/\/www.furtenbachadventures.com\/en\/\" target=\"_blank\" rel=\"noreferrer noopener\"> Furtenbach Adventures<\/a>, we offer exclusive Flash Expeditions to reach the summit in a minimum of time. More security, more flexibility, more chances of success!<br>Take advantage of the possibility of pre-acclimatization on your own expeditions!<\/p>\n\n\n\n<div class=\"wp-block-columns has-2-columns is-layout-flex wp-container-core-columns-is-layout-1 wp-block-columns-is-layout-flex\">\n<div class=\"wp-block-column is-layout-flow wp-block-column-is-layout-flow\">\n<h3 class=\"wp-block-heading\">Benefits of pre-acclimatization<\/h3>\n\n\n\n<ul class=\"wp-block-list\"><li>higher chances for <strong>summit success<\/strong><\/li><li>shorter <strong>expedition duration<\/strong> <\/li><li>more <strong>strength <\/strong>and enhanced <strong>endurance <\/strong>when climbing<\/li><li>less exhaustion<\/li><li><strong>minimized symptoms<\/strong> of altitude sickness<\/li><li><strong>significant minimized risk<\/strong> when climbing<\/li><li>integration of acclimatization in everyday life<\/li><li><strong>cost saving<\/strong> compared to staying several weeks at the mountain for acclimatization purposes<\/li><li>individual altitude training plan<\/li><\/ul>\n<\/div>\n\n\n\n<div class=\"wp-block-column is-layout-flow wp-block-column-is-layout-flow\">\n<figure class=\"wp-block-image alignwide\"><img loading=\"lazy\" decoding=\"async\" width=\"614\" height=\"360\" src=\"http:\/\/camp4.rocks\/wp-content\/uploads\/2019\/12\/Acclimatization-Duration.png\" alt=\"\" class=\"wp-image-785\" srcset=\"https:\/\/camp4.rocks\/wp-content\/uploads\/2019\/12\/Acclimatization-Duration.png 601w, https:\/\/camp4.rocks\/wp-content\/uploads\/2019\/12\/Acclimatization-Duration-300x181.png 300w\" sizes=\"(max-width: 614px) 100vw, 614px\" \/><figcaption>The duration of expeditions in weeks when using conventional acclimatization and climbing strategy.<\/figcaption><\/figure>\n<\/div>\n<\/div>","protected":false},"excerpt":{"rendered":"<p>H\u00f6henakklimatisation neu erleben! Gew\u00f6hnen Sie sich an die sauerstoffarme H\u00f6henluft \u2013 bequem von Zuhause aus und mit dem langj\u00e4hrigen Know-How unserer Experten. F\u00fcr eine verk\u00fcrzte Expeditionsdauer, mehr Leistungsf\u00e4higkeit sowie h\u00f6here Erfolgschancen und Effizienz am Berg.&nbsp; Durch das Hypoxietraining k\u00f6nnen H\u00f6hen bis zu 7.000m simuliert werden. So werden Sie h\u00f6chst effizient und individuell auf Ihre bevorstehende Expedition vorakklimatisiert und k\u00f6nnen Ihr Gipfelziel in k\u00fcrzester Zeit erreichen.&nbsp; Unsere Erfahrung mit H\u00f6hentraining 2002 haben wir begonnen, Hypoxiesysteme zur Vorbereitung auf Expeditionen zu verwenden, seit 2016 erm\u00f6glichen wir Everest-Expeditionen mit hypoxischer Vorakklimatisation. 2018 f\u00fchrten wir als erster Everest-Anbieter eine erfolgreiche Everest Expedition in weniger&hellip; <span><a href=\"https:\/\/camp4.rocks\/en\/leistungen\/bergsteigen-vorakklimatisation\/\">( Read More )<\/a><\/span><\/p>","protected":false},"author":1,"featured_media":796,"parent":256,"menu_order":0,"comment_status":"closed","ping_status":"closed","template":"","meta":{"footnotes":""},"class_list":["post-276","page","type-page","status-publish","has-post-thumbnail","hentry"],"_links":{"self":[{"href":"https:\/\/camp4.rocks\/en\/wp-json\/wp\/v2\/pages\/276"}],"collection":[{"href":"https:\/\/camp4.rocks\/en\/wp-json\/wp\/v2\/pages"}],"about":[{"href":"https:\/\/camp4.rocks\/en\/wp-json\/wp\/v2\/types\/page"}],"author":[{"embeddable":true,"href":"https:\/\/camp4.rocks\/en\/wp-json\/wp\/v2\/users\/1"}],"replies":[{"embeddable":true,"href":"https:\/\/camp4.rocks\/en\/wp-json\/wp\/v2\/comments?post=276"}],"version-history":[{"count":15,"href":"https:\/\/camp4.rocks\/en\/wp-json\/wp\/v2\/pages\/276\/revisions"}],"predecessor-version":[{"id":943,"href":"https:\/\/camp4.rocks\/en\/wp-json\/wp\/v2\/pages\/276\/revisions\/943"}],"up":[{"embeddable":true,"href":"https:\/\/camp4.rocks\/en\/wp-json\/wp\/v2\/pages\/256"}],"wp:featuredmedia":[{"embeddable":true,"href":"https:\/\/camp4.rocks\/en\/wp-json\/wp\/v2\/media\/796"}],"wp:attachment":[{"href":"https:\/\/camp4.rocks\/en\/wp-json\/wp\/v2\/media?parent=276"}],"curies":[{"name":"wp","href":"https:\/\/api.w.org\/{rel}","templated":true}]}}