{"id":486,"date":"2019-06-19T16:07:01","date_gmt":"2019-06-19T14:07:01","guid":{"rendered":"http:\/\/camp4.rocks\/?page_id=486"},"modified":"2023-12-27T16:04:00","modified_gmt":"2023-12-27T15:04:00","slug":"impressum","status":"publish","type":"page","link":"https:\/\/camp4.rocks\/en\/impressum\/","title":{"rendered":"Imprint"},"content":{"rendered":"<p>Camp 4 is a brand of <br><strong>Furtenbach Adventures GmbH<\/strong><br> Kundenb\u00fcro Bundesstra\u00dfe 23, 6063 Rum<br> Firmensitz H\u00f6henstrasse 96, 6020 Innsbruck<br> Austria<\/p>\n\n\n\n<p>phone: +43\u2009\u2009512\u2009\u2009204134<br> fax: +43\u2009512\u2009\u2009204134 5<br> e-mail: <a href=\"mailto:info@ff-film.com\">info@<\/a><a href=\"mailto:info@camp4.rocks\">camp4.rocks<\/a><a href=\"mailto:info@camp4.rocks\"><\/a><br> web: <a href=\"https:\/\/camp4.rocks\/en\/\">www.camp4.rocks<\/a><\/p>\n\n\n\n<p>CEO: Mag. Lukas Furtenbach<br>\nInnsbruck Regional Court<br>\nVAT Number: ATU 686 455 58<br>\nFN 414 301 t<\/p>\n\n\n\n<p>Bankverbindung:<br> Raiffeisenbank Kematen eGen<br> IBAN AT29 3626 0000 0004 5385<br> BIC RZTIAT22260<\/p>\n\n\n\n<div class=\"wp-menu-image dashicons-before dashicons-admin-tools\"> by <a aria-label=\" (\u00f6ffnet in neuem Tab)\" href=\"http:\/\/linkedin.com\/in\/philipp-heider\" target=\"_blank\" rel=\"noreferrer noopener\">Philipp Heider<\/a><\/div>\n\n\n\n<div style=\"height:50px\" aria-hidden=\"true\" class=\"wp-block-spacer\"><\/div>\n\n\n\n<p><strong>General Terms and Conditions <\/strong> <strong>Camp 4<\/strong> <strong> | Furtenbach Adventures GmbH<\/strong><\/p>\n\n\n\n<p><strong>Data Privacy Notice<\/strong><\/p>\n\n\n\n<p>The protection of your privacy and personal data is a major concern for us. For more information please find our privacy statement via this <a href=\"https:\/\/camp4.rocks\/en\/datenschutzerklaerung\/\">https:\/\/camp4.rocks\/en\/datenschutzerklaerung\/ <\/a><\/p>\n\n\n\n<p><strong>Links to other websites<\/strong><\/p>\n\n\n\n<p>If we refer to third party websites via our website or through a link, we can not accept any responsibility or liability for the accuracy or completeness of the contents and the data security of these sites. Since we have no influence regarding compliance with data protection regulations on behalf of others, we suggest you seperately evaluate third party privacy statements.<\/p>\n\n\n\n<p><strong>Content<\/strong><\/p>\n\n\n\n<p>All content on this website is protected by copyright. Neither the contents nor the images may be used for private or business purposes. Any other use, including storage, publication and any form of commercial use, as well as disclosure to third parties \u2013 even in edited form or in parts \u2013 is forbidden without express prior consent from FURTENBACH ADVENTURES.<\/p>\n\n\n\n<p>We strive to keep this website up to date and to ensure that all content is correct and complete. However, we assume no liability for the accuracy, completeness or suitability of the information.<\/p>\n\n\n\n<p><strong>Photo credits:<\/strong>:<\/p>\n\n\n\n<p>\u00a9 Lukas Furtenbach \u2013 furtenbachadventures.com; Brian Bilius und Brian Oestrike &#8211; hypoxico.com; canva.com<\/p>","protected":false},"excerpt":{"rendered":"<p>Camp 4 ist eine Marke der Furtenbach Adventures GmbH Kundenb\u00fcro Bundesstra\u00dfe 23, 6063 Rum Firmensitz H\u00f6henstrasse 96, 6020 Innsbruck Austria Telefon +43\u2009\u2009512\u2009\u2009204134 Fax +43\u2009512\u2009\u2009204134 5 Email: info@camp4.rocks Web: www.camp4.rocks Gesch\u00e4ftsf\u00fchrung: Mag. Lukas Furtenbach Gerichtsstand Innsbruck UID ATU 686 455 58 FN 414 301 t Bankverbindung: Raiffeisenbank Kematen eGen IBAN AT29 3626 0000 0004 5385 BIC RZTIAT22260 by Philipp Heider Allgemeine Gesch\u00e4ftsbedingungen Camp 4 | Furtenbach Adventures GmbH Datenschutzhinweise Der Schutz Ihrer Privatsph\u00e4re und pers\u00f6nlichen Daten ist uns ein gro\u00dfes Anliegen. Mehr Informationen dazu finden Sie unter: https:\/\/camp4.rocks\/datenschutzerklaerung\/ Links auf andere Internetseiten Soweit wir von unserer Webseite auf die Webseiten Dritter&hellip; <span><a href=\"https:\/\/camp4.rocks\/en\/impressum\/\">( Read More )<\/a><\/span><\/p>","protected":false},"author":1,"featured_media":720,"parent":0,"menu_order":0,"comment_status":"closed","ping_status":"closed","template":"","meta":{"footnotes":""},"class_list":["post-486","page","type-page","status-publish","has-post-thumbnail","hentry"],"_links":{"self":[{"href":"https:\/\/camp4.rocks\/en\/wp-json\/wp\/v2\/pages\/486"}],"collection":[{"href":"https:\/\/camp4.rocks\/en\/wp-json\/wp\/v2\/pages"}],"about":[{"href":"https:\/\/camp4.rocks\/en\/wp-json\/wp\/v2\/types\/page"}],"author":[{"embeddable":true,"href":"https:\/\/camp4.rocks\/en\/wp-json\/wp\/v2\/users\/1"}],"replies":[{"embeddable":true,"href":"https:\/\/camp4.rocks\/en\/wp-json\/wp\/v2\/comments?post=486"}],"version-history":[{"count":13,"href":"https:\/\/camp4.rocks\/en\/wp-json\/wp\/v2\/pages\/486\/revisions"}],"predecessor-version":[{"id":1008,"href":"https:\/\/camp4.rocks\/en\/wp-json\/wp\/v2\/pages\/486\/revisions\/1008"}],"wp:featuredmedia":[{"embeddable":true,"href":"https:\/\/camp4.rocks\/en\/wp-json\/wp\/v2\/media\/720"}],"wp:attachment":[{"href":"https:\/\/camp4.rocks\/en\/wp-json\/wp\/v2\/media?parent=486"}],"curies":[{"name":"wp","href":"https:\/\/api.w.org\/{rel}","templated":true}]}}