{"id":700,"date":"2019-11-20T12:17:19","date_gmt":"2019-11-20T11:17:19","guid":{"rendered":"http:\/\/camp4.rocks\/?page_id=700"},"modified":"2026-02-05T11:58:53","modified_gmt":"2026-02-05T10:58:53","slug":"preise","status":"publish","type":"page","link":"https:\/\/camp4.rocks\/en\/reservierung\/preise\/","title":{"rendered":"Prices"},"content":{"rendered":"<p>The appropriate period of use of the hypoxic system varies depending on the area of application and the target set. The rental prices are therefore staggered according to the rental period. Learn here more about it: <\/p>\n\n\n\n<h2 class=\"wp-block-heading\">Basic Rent<\/h2>\n\n\n\n<p>The basic rent includes the altitude generator, the altitude tent, a pulse oximeter, the oxygen meter and detailed instructions for your personal hypoxic training. The price depends on the rental period:<\/p>\n\n\n\n<ul class=\"wp-block-list\">\n<li>bis vier Wochen: \u20ac 179,00 brutto \/ Woche<\/li>\n\n\n\n<li>ab vier Wochen: \u20ac 169,00 brutto \/ Woche<\/li>\n\n\n\n<li>ab sechs Wochen: \u20ac 159,00 brutto \/ Woche<\/li>\n\n\n\n<li>Optional ist professionelle und individuelle Betreuung zubuchbar: \u20ac 170,00 brutto<\/li>\n\n\n\n<li>Training mask: \u20ac 115,00<\/li>\n<\/ul>\n\n\n\n<h2 class=\"wp-block-heading\">Shipping Costs<\/h2>\n\n\n\n<p>Please note that delivery and shipping costs are not included in the rental price, but will be charged separately. Prices are for outward and return shipments and include transport insurance.<\/p>\n\n\n\n<ul class=\"wp-block-list\">\n<li>F\u00fcr \u00d6sterreich: ca. \u20ac 270,00 brutto<\/li>\n\n\n\n<li>F\u00fcr Deutschland: ca. \u20ac 270,00 brutto<\/li>\n\n\n\n<li>deliveries to other countries are possible on request.<\/li>\n\n\n\n<li>Bei pers\u00f6nlicher Abholung und R\u00fcckbringung des Systems bei uns im B\u00fcro in 6063 Rum, Bundesstra\u00dfe 23 werden die Lieferkosten selbstverst\u00e4ndlich erstattet. <\/li>\n<\/ul>\n\n\n\n<p>Shipping will be organized so that you receive your system no later than the day you start your rental. Please note that parcels are only delivered on working days. If nobody is home on weekdays, we therefore recommend that you provide an alternative delivery address (such as the address of your place of work, neighbours, friends or family) so that parcels can be received and do not have to be collected from the parcel shop. At the end of the rental period, your parcel will be picked up by the delivery service at the specified delivery address and returned to us.<\/p>\n\n\n\n<h2 class=\"wp-block-heading\">Payment<\/h2>\n\n\n\n<p>After filling in your details on our online booking form you will receive an offer including the final price (excl. shipping costs). With your booking you accept this offer and our GTC. Full Payment can be done online directly on the checkout page with credit card, Paypal or online wire.\nRemember, that your booking is only valid when the payment is done. When we've received a booking but no payment within 7 days, the booking will get canceled. If payment is not made on time, Camp 4 reserves the right to rent the hypoxic systems to other interested parties. <\/p>","protected":false},"excerpt":{"rendered":"<p>Die Nutzungsdauer der Hypoxiesysteme variiert je nach Anwendungsbereich und gesetztem Ziel. Die Mietpreise sind deswegen nach Mietdauer gestaffelt. Erfahren Sie hier mehr dar\u00fcber: Grundmiete Die Grundmiete inkludiert den H\u00f6hengenerator, das H\u00f6henzelt, ein Pulsoximeter, das Sauerstoffmessger\u00e4t und genaue Anleitungen zum Hypoxietraining. Der Preis ist abh\u00e4ngig von der Mietdauer: Versandkosten Bitte beachten Sie, dass die Liefer- und Versandkosten nicht im Mietpreis enthalten sind, sondern extra verrechnet werden. Preise verstehen sich f\u00fcr Hin- und Retoursendungen sowie inklusive der Transportversicherung: Der Versand wird so organisiert, dass Sie Ihr System sp\u00e4testens am Tag des Mietbeginns erhalten. Bitte beachten Sie, dass die Zustellung der Pakete nur&hellip; <span><a href=\"https:\/\/camp4.rocks\/en\/reservierung\/preise\/\">( Read More )<\/a><\/span><\/p>","protected":false},"author":1,"featured_media":894,"parent":742,"menu_order":0,"comment_status":"closed","ping_status":"closed","template":"","meta":{"footnotes":""},"class_list":["post-700","page","type-page","status-publish","has-post-thumbnail","hentry"],"_links":{"self":[{"href":"https:\/\/camp4.rocks\/en\/wp-json\/wp\/v2\/pages\/700"}],"collection":[{"href":"https:\/\/camp4.rocks\/en\/wp-json\/wp\/v2\/pages"}],"about":[{"href":"https:\/\/camp4.rocks\/en\/wp-json\/wp\/v2\/types\/page"}],"author":[{"embeddable":true,"href":"https:\/\/camp4.rocks\/en\/wp-json\/wp\/v2\/users\/1"}],"replies":[{"embeddable":true,"href":"https:\/\/camp4.rocks\/en\/wp-json\/wp\/v2\/comments?post=700"}],"version-history":[{"count":15,"href":"https:\/\/camp4.rocks\/en\/wp-json\/wp\/v2\/pages\/700\/revisions"}],"predecessor-version":[{"id":1014,"href":"https:\/\/camp4.rocks\/en\/wp-json\/wp\/v2\/pages\/700\/revisions\/1014"}],"up":[{"embeddable":true,"href":"https:\/\/camp4.rocks\/en\/wp-json\/wp\/v2\/pages\/742"}],"wp:featuredmedia":[{"embeddable":true,"href":"https:\/\/camp4.rocks\/en\/wp-json\/wp\/v2\/media\/894"}],"wp:attachment":[{"href":"https:\/\/camp4.rocks\/en\/wp-json\/wp\/v2\/media?parent=700"}],"curies":[{"name":"wp","href":"https:\/\/api.w.org\/{rel}","templated":true}]}}